{"id":3960,"date":"2025-09-19T10:39:29","date_gmt":"2025-09-19T07:39:29","guid":{"rendered":"https:\/\/ultramon.ro\/?post_type=product&#038;p=3960"},"modified":"2026-02-22T23:45:08","modified_gmt":"2026-02-22T21:45:08","slug":"vesta-de-salvare-gonflabila-ithaca-150n-solas","status":"publish","type":"product","link":"https:\/\/ultramon.ro\/en\/product\/vesta-de-salvare-gonflabila-ithaca-150n-solas\/","title":{"rendered":"Vesta de salvare gonflabila Ithaca 150N SOLAS"},"content":{"rendered":"<h2>Vesta gonflabila SOLAS &#8211; Descriere Completa<\/h2>\n<p>Vesta gonflabila SOLAS Ithaca 150N este un echipament de salvare fiabil si accesibil, certificat pentru utilizare pe nave comerciale in navigatie costiera. Aceasta vesta gonflabila SOLAS cu forta de 150N ofera protectie completa cu un design usor si compact. Modelul Ithaca 150N reprezinta solutia optima pentru navele ce opereaza in ape costiere si interioare, unde forta de 150N este suficienta conform reglementarilor.<\/p>\n<p><img decoding=\"async\" src=\"https:\/\/ultramon.ro\/wp-content\/uploads\/2025\/09\/04743-Vesta-Ithaca_1.jpg\" alt=\"vesta gonflabila SOLAS\" style=\"max-width:100%;height:auto;\" \/><\/p>\n<h3>Caracteristici Vesta gonflabila SOLAS<\/h3>\n<p>Forta de plutire de 150N conform standardului EN ISO 12402-3, adecvata pentru navigatie costiera si ape protejate. Sistem de declansare automata si manuala pentru flexibilitate maxima in utilizare. Include lumina SOLAS certificata, fluier de urgenta si elemente retro-reflectorizante. Designul compact si greutatea redusa permit purtarea confortabila timp indelungat fara a limita mobilitatea echipajului.<\/p>\n<p><!-- continut existent --><\/p>\n<p class=\"tw-data-text tw-text-large tw-ta\" dir=\"ltr\" tabindex=\"-1\" role=\"text\" data-placeholder=\"Traducere\" data-ved=\"2ahUKEwjRoPuQ6eGPAxXa9rsIHdndNmQQ3ewLegQIDBAW\" aria-label=\"Text tradus: Descriere Noua vest\u0103 de salvare gonflabil\u0103 pentru adul\u021bi SIMI 2017 \u00eencorporeaz\u0103 toate caracteristicile tehnice ale predecesorului s\u0103u, vesta de salvare SIMI, cu ad\u0103ugarea unei curele fixe la nivelul inghinilor pentru o fixare mai sigur\u0103. Aprobat\u0103 de Ministerul Marinei Comerciale din Grecia. Caracteristici ale vestei de salvare: Inflatoare UML Tub oral 4 Bucle de ridicare Capac de \u00eenchidere cu velcro Fluier aprobat ISO 12402-8 Benzi retroreflectorizante aprobate SOLAS Materiale aprobate ISO 12402-7 Curea fix\u0103 \u200b\u200bla nivelul inghinilor Greutatea minim\u0103 a corpului utilizatorului 40 kg Circumferin\u021ba maxim\u0103 a toracelui utilizatorului 140 cm Compatibil\u0103 cu luminile vestelor de salvare EVAL SOLAS Hus\u0103 suplimentar\u0103 rezistent\u0103 la foc (cod 02933-1) Hus\u0103 suplimentar\u0103 din PVC, u\u0219or de cur\u0103\u021bat (cod 02933-3)\"><span class=\"Y2IQFc\" lang=\"ro\">Vesta de salvare gonflabila Ithaca este produsa conform celor mai recente reglementari SOLAS si este potrivita pentru utilizare in larg, in conditii meteo extreme si cu imbracaminte de protectie completa. Poate fi folosita pe toate tipurile de nave comerciale si militare, pe ambarcatiuni de pescuit profesional si pe iahturi.\u00a0 Este proiectata conform celor mai stricte standarde, ofera siguranta maxima chiar si in cele mai dificile conditii.<\/span><\/p>\n<p class=\"tw-data-text tw-text-large tw-ta\" dir=\"ltr\" tabindex=\"-1\" role=\"text\" data-placeholder=\"Traducere\" data-ved=\"2ahUKEwjRoPuQ6eGPAxXa9rsIHdndNmQQ3ewLegQIDBAW\" aria-label=\"Text tradus: Descriere Noua vest\u0103 de salvare gonflabil\u0103 pentru adul\u021bi SIMI 2017 \u00eencorporeaz\u0103 toate caracteristicile tehnice ale predecesorului s\u0103u, vesta de salvare SIMI, cu ad\u0103ugarea unei curele fixe la nivelul inghinilor pentru o fixare mai sigur\u0103. Aprobat\u0103 de Ministerul Marinei Comerciale din Grecia. Caracteristici ale vestei de salvare: Inflatoare UML Tub oral 4 Bucle de ridicare Capac de \u00eenchidere cu velcro Fluier aprobat ISO 12402-8 Benzi retroreflectorizante aprobate SOLAS Materiale aprobate ISO 12402-7 Curea fix\u0103 \u200b\u200bla nivelul inghinilor Greutatea minim\u0103 a corpului utilizatorului 40 kg Circumferin\u021ba maxim\u0103 a toracelui utilizatorului 140 cm Compatibil\u0103 cu luminile vestelor de salvare EVAL SOLAS Hus\u0103 suplimentar\u0103 rezistent\u0103 la foc (cod 02933-1) Hus\u0103 suplimentar\u0103 din PVC, u\u0219or de cur\u0103\u021bat (cod 02933-3)\"><span class=\"Y2IQFc\" lang=\"ro\"><strong>Caracteristici<\/strong> <\/span><\/p>\n<ul>\n<li>Flotabilitate reala: 160 N<\/li>\n<li>Culoare: rosie<\/li>\n<li>Greutate utilizator: 43 kg &lt; utilizator &lt; 140 kg<\/li>\n<li>Circumferinta maxima piept utilizator: 175 cm<\/li>\n<li>Materialele din care este confectionata sunt in conformitate cu EN ISO 12402-7<\/li>\n<li>Catarama din plastic (special conceputa pentru utilizari intense)<\/li>\n<li>Dotata cu fluier aprobat EN ISO 2402-8<\/li>\n<li>Ham de siguranta integrat conform \u0395\u039d ISO 12401<\/li>\n<li>Prevazuta cu 2 compartimente gonflabile si supara de suprapresiune<\/li>\n<li>Butelie CO\u2082 33 g: 2 buc.<\/li>\n<li>Mecanism de umflare tip UML si tub manual de umflare (cu valva anti-retur si protectie): 2 buc.<\/li>\n<li>Husa prevazuta cu velcro<\/li>\n<li>Benzi reflectorizante SOLAS<\/li>\n<li>Dotata cu &#8222;buddy line&#8221; si bucla de ridicare \/ recuperare &#8222;om la apa&#8221;<\/li>\n<li>Prevazuta cu gaica pentru a atasa o <strong>lumina de vesta, cod 03490<\/strong> <em>(aceasta nu este inclusa)<\/em><\/li>\n<li><strong>Declansare manuala si automata<\/strong> la contactul cu apa<\/li>\n<li>Compatibila cu husa EVAL pentru acest model &#8211; <strong>ignifuga, cod 2933-2<\/strong><em>\u00a0<\/em>si cu varianta de <strong>curea inghinala simpla, cod 02947<\/strong>, pentru fixare suplimentara <em>(acestea nu sunt incluse)<\/em><\/li>\n<li>In conformitate cu standardele <strong data-start=\"151\" data-end=\"209\">SOLAS M.E.D. 2014\/90\/EU, IMO MSC 81(70), MSC.200(80), MSC.207(81), EN ISO 12401<\/strong><\/li>\n<\/ul>\n<p>&nbsp;<\/p>\n<p>\u2757 <strong>Vesta Ithaca, fiind un mijloc individual de salvare pe mare gonflabil, conform cerintelor internationale si specificatiilor producatorului, se verifica si se recertifica anual, intr-o statie autorizata. Societatea noastra poate asigura acest serviciu. In primul an de la achizitie, vesta nu trebuie verificata, aceasta este insotita de un certificat &#8211; &#8222;Type Approval&#8221;, urmand ca dupa prima verificare anuala, vesta sa primeasca un certificat de inspectie.<\/strong><\/p>\n<p>&nbsp;<\/p>\n<p><strong>\u2139\ufe0f Vesta gonflabila Ithaca 150N <\/strong>descrisa mai sus are<strong> codul 04743-1. <\/strong>La comanda, acest model se poate comercializa si in urmatoarele variante:<\/p>\n<table border=\"1\" cellspacing=\"1\" cellpadding=\"1\">\n<tbody>\n<tr>\n<td style=\"text-align: center;\"><strong>Product Code<\/strong><\/td>\n<td style=\"text-align: center;\"><strong>Flotabilitate<\/strong><\/td>\n<td style=\"text-align: center;\"><strong>Mod activare<\/strong><\/td>\n<td style=\"text-align: center;\"><strong>Material husa si culoare<\/strong><\/td>\n<td style=\"text-align: center;\"><strong>Inel siguranta &#8222;D&#8221;<\/strong><\/td>\n<td style=\"text-align: center;\"><strong>Catarama<\/strong><\/td>\n<td style=\"text-align: center;\"><strong>Butelii CO\u2082<\/strong><\/td>\n<\/tr>\n<tr>\n<td style=\"text-align: center;\">04743-1 \/ BL \/ BK<\/td>\n<td style=\"text-align: center;\">160 N<\/td>\n<td style=\"text-align: center;\">1 x auto MK5 + 1 x manual<\/td>\n<td style=\"text-align: center;\">Rosu \/ bleumarin \/ negru &#8211; nailon<\/td>\n<td style=\"text-align: center;\">&#8211;<\/td>\n<td style=\"text-align: center;\">Plastic<\/td>\n<td style=\"text-align: center;\">2 x 33 g<\/td>\n<\/tr>\n<tr>\n<td style=\"text-align: center;\">04743-1A \/ BL \/ BK<\/td>\n<td style=\"text-align: center;\">160 N<\/td>\n<td style=\"text-align: center;\">2 x auto MK5<\/td>\n<td style=\"text-align: center;\">Rosu \/ bleumarin \/ negru &#8211; nailon<\/td>\n<td style=\"text-align: center;\">&#8211;<\/td>\n<td style=\"text-align: center;\">\u00a0Plastic<\/td>\n<td style=\"text-align: center;\">2 x 33 g<\/td>\n<\/tr>\n<tr>\n<td style=\"text-align: center;\">04743-2 \/ BL \/ BK<\/td>\n<td style=\"text-align: center;\">160 N<\/td>\n<td style=\"text-align: center;\">1 x auto MK5 + 1 x manual<\/td>\n<td style=\"text-align: center;\">Rosu \/ bleumarin \/ negru &#8211; nailon<\/td>\n<td style=\"text-align: center;\">Inox<\/td>\n<td style=\"text-align: center;\">Inox<\/td>\n<td style=\"text-align: center;\">2 x 33 g<\/td>\n<\/tr>\n<tr>\n<td style=\"text-align: center;\">04743-2A \/ BL \/ BK<\/td>\n<td style=\"text-align: center;\">160 N<\/td>\n<td style=\"text-align: center;\">2 x auto MK5<\/td>\n<td style=\"text-align: center;\">Rosu \/ bleumarin \/ negru &#8211; nailon<\/td>\n<td style=\"text-align: center;\">Inox<\/td>\n<td style=\"text-align: center;\">Inox<\/td>\n<td style=\"text-align: center;\">2 x 33 g<\/td>\n<\/tr>\n<tr>\n<td style=\"text-align: center;\">04743-3<\/td>\n<td style=\"text-align: center;\">160 N<\/td>\n<td style=\"text-align: center;\">1 x auto MK5 + 1 x manual<\/td>\n<td style=\"text-align: center;\">Portocaliu &#8211; PVC<\/td>\n<td style=\"text-align: center;\">&#8211;<\/td>\n<td style=\"text-align: center;\">Plastic<\/td>\n<td style=\"text-align: center;\">2 x 33 g<\/td>\n<\/tr>\n<tr>\n<td style=\"text-align: center;\">04743-3A<\/td>\n<td style=\"text-align: center;\">160 N<\/td>\n<td style=\"text-align: center;\">2 x auto MK5<\/td>\n<td style=\"text-align: center;\">Portocaliu &#8211; PVC<\/td>\n<td style=\"text-align: center;\">&#8211;<\/td>\n<td style=\"text-align: center;\">Plastic<\/td>\n<td style=\"text-align: center;\">2 x 33 g<\/td>\n<\/tr>\n<tr>\n<td style=\"text-align: center;\">04743-4<\/td>\n<td style=\"text-align: center;\">160 N<\/td>\n<td style=\"text-align: center;\">1 x auto MK5 + 1 x manual<\/td>\n<td style=\"text-align: center;\">Portocaliu &#8211; PVC<\/td>\n<td style=\"text-align: center;\">Inox<\/td>\n<td style=\"text-align: center;\">Inox<\/td>\n<td style=\"text-align: center;\">2 x 33 g<\/td>\n<\/tr>\n<tr>\n<td style=\"text-align: center;\">04743-4A<\/td>\n<td style=\"text-align: center;\">160 N<\/td>\n<td style=\"text-align: center;\">2 x auto MK5<\/td>\n<td style=\"text-align: center;\">Portocaliu &#8211; PVC<\/td>\n<td style=\"text-align: center;\">Inox<\/td>\n<td style=\"text-align: center;\">Inox<\/td>\n<td style=\"text-align: center;\">2 x 33 g<\/td>\n<\/tr>\n<\/tbody>\n<\/table>\n<p><!-- sfarsit continut existent --><\/p>\n<h3>Standarde si Certificari<\/h3>\n<p>Vestele de salvare gonflabile maritime sunt reglementate de Conventia Internationala SOLAS (Safety of Life at Sea) si Directiva Europeana privind Echipamentele Maritime (MED) 2014\/90\/EU. Fiecare vesta trebuie sa indeplineasca cerintele Rezolutiei IMO MSC.81(70) privind testarea echipamentelor individuale de salvare. Certificarea MED garanteaza ca produsul a fost testat si aprobat de un organism notificat european. Standardele EN ISO 12402 definesc performantele minime pentru diferite clase de forta de plutire: 100N pentru ape protejate, 150N pentru ape costiere si 275-300N pentru mare deschisa si conditii extreme.<\/p>\n<h3>Aplicatii si Utilizare<\/h3>\n<p>Vestele gonflabile SOLAS sunt echipamente obligatorii la bordul navelor comerciale, de pasageri, de transport marfa, tancuri petroliere si platforme offshore, conform reglementarilor SOLAS si ale Autoritatii Navale Romane. Acestea sunt purtate de echipaje in timpul manevrelor pe punte, operatiunilor de intretinere si in orice situatie cu risc de cadere in apa. Modelele cu forta de 275-300N sunt destinate utilizarii pe mare deschisa in conditii meteo extreme.<\/p>\n<h3>Intretinere si Verificare<\/h3>\n<p>Vestele gonflabile trebuie inspectate si recertificate anual de un service autorizat, conform cerintelor SOLAS si specificatiilor producatorului. Inspectia anuala include: verificarea tesaturii si cusaturilor, testarea mecanismului de umflare, verificarea buteliei de CO2 si a presiunii, inspectia luminii SOLAS si a fluierului, verificarea benzii retro-reflectorizante si a tuturor elementelor de siguranta. In primul an de la achizitie, vesta nu necesita verificare, fiind insotita de certificatul Type Approval.<\/p>\n<h3>De ce sa alegi Ultramon?<\/h3>\n<p>Ultramon este furnizor autorizat de echipamente de siguranta maritima in Constanta, cu experienta indelungata in domeniu. Oferim produse certificate, consultanta tehnica si servicii complete de verificare si recertificare. Descopera si alte produse din gama noastra: <a href=\"https:\/\/ultramon.ro\/en\/product\/vesta-de-salvare-gonflabila-ithaca-275n-solas\/\">vesta gonflabila SOLAS Ithaca 275N<\/a>, <a href=\"https:\/\/ultramon.ro\/en\/product\/fluier\/\">fluier de salvare SOLAS<\/a>, <a href=\"https:\/\/ultramon.ro\/en\/product\/lumina-vesta-salvare-led-solas\/\">lumina LED SOLAS pentru vesta<\/a>. Pentru informatii despre standardele internationale de siguranta maritima, consultati <a href=\"https:\/\/www.imo.org\/en\/OurWork\/Safety\/Pages\/LifeSavingAppliances.aspx\" target=\"_blank\" rel=\"noopener\">ghidul IMO privind echipamentele de salvare<\/a>.<\/p>","protected":false},"excerpt":{"rendered":"<p>Vesta gonflabila SOLAS &#8211; Descriere Completa Vesta gonflabila SOLAS Ithaca 150N este un echipament de salvare fiabil si accesibil, certificat pentru utilizare pe nave comerciale in navigatie costiera. Aceasta vesta gonflabila SOLAS cu forta de 150N ofera protectie completa cu un design usor si compact. Modelul Ithaca 150N reprezinta solutia optima pentru navele ce opereaza [&hellip;]<\/p>\n","protected":false},"featured_media":3961,"comment_status":"open","ping_status":"closed","template":"","meta":[],"product_brand":[64],"product_cat":[33],"product_tag":[66,67,82,83,86],"class_list":{"0":"post-3960","1":"product","2":"type-product","3":"status-publish","4":"has-post-thumbnail","6":"product_brand-eval","7":"product_cat-echipamente-de-salvare-maritima","8":"product_tag-salvare","9":"product_tag-solas","10":"product_tag-vesta","11":"product_tag-vesta-gonflabila","12":"product_tag-vesta-gonflabila-solas","14":"first","15":"onbackorder","16":"taxable","17":"shipping-taxable","18":"purchasable","19":"product-type-variable","20":"has-default-attributes"},"_links":{"self":[{"href":"https:\/\/ultramon.ro\/en\/wp-json\/wp\/v2\/product\/3960","targetHints":{"allow":["GET"]}}],"collection":[{"href":"https:\/\/ultramon.ro\/en\/wp-json\/wp\/v2\/product"}],"about":[{"href":"https:\/\/ultramon.ro\/en\/wp-json\/wp\/v2\/types\/product"}],"replies":[{"embeddable":true,"href":"https:\/\/ultramon.ro\/en\/wp-json\/wp\/v2\/comments?post=3960"}],"wp:featuredmedia":[{"embeddable":true,"href":"https:\/\/ultramon.ro\/en\/wp-json\/wp\/v2\/media\/3961"}],"wp:attachment":[{"href":"https:\/\/ultramon.ro\/en\/wp-json\/wp\/v2\/media?parent=3960"}],"wp:term":[{"taxonomy":"product_brand","embeddable":true,"href":"https:\/\/ultramon.ro\/en\/wp-json\/wp\/v2\/product_brand?post=3960"},{"taxonomy":"product_cat","embeddable":true,"href":"https:\/\/ultramon.ro\/en\/wp-json\/wp\/v2\/product_cat?post=3960"},{"taxonomy":"product_tag","embeddable":true,"href":"https:\/\/ultramon.ro\/en\/wp-json\/wp\/v2\/product_tag?post=3960"}],"curies":[{"name":"wp","href":"https:\/\/api.w.org\/{rel}","templated":true}]}}